{"id":20,"date":"2024-03-26T21:35:54","date_gmt":"2024-03-26T20:35:54","guid":{"rendered":"https:\/\/epicrides.hr\/en\/?page_id=20"},"modified":"2025-07-16T19:41:40","modified_gmt":"2025-07-16T17:41:40","slug":"sto-je-epic-rides","status":"publish","type":"page","link":"https:\/\/epicrides.hr\/en\/sto-je-epic-rides\/","title":{"rendered":"Epic Rides"},"content":{"rendered":"\n<h2 class=\"wp-block-heading\">\u0160to je Epic Rides<\/h2>\n\n\n\n<p>EPIC RIDES je serija organiziranih biciklisti\u010dkih doga\u0111anja osmi\u0161ljenih za rekreativce, po\u010detnike i sve ljubitelje biciklizma koji \u017eele istra\u017eiti najbolje lokacije i staze u Hrvatskoj. Iako sudionici imaju startne brojeve i u\u017eivaju u vrhunskoj organizaciji, EPIC RIDES nije utrka \u2013 to je zajedni\u010dka vo\u017enja s maksimalnom podr\u0161kom organizatora, sigurnosnim mjerama i nezaobilaznim dru\u017eenjem uz pivo na cilju.<\/p>\n\n\n\n<h2 class=\"wp-block-heading\">Kome je Epic Rides namijenjen<\/h2>\n\n\n\n<p>Za bicikliste i one koji se tako osje\u0107aju. Za one koji vole vo\u017enju biciklom, ali se, iz nekog razloga, ne voze \u010desto. Za one za koje misli\u0161 da bi trebali probati, ali se nisu nikad usudili. Na EPIC RIDES doga\u0111anjima rute su organizirane uz potpunu podr\u0161ku, \u0161to zna\u010di da mo\u017ee\u0161 u\u017eivati u vo\u017enji bez brige.<br>Ma zapravo, EPIC RIDES je za sve ljubitelje bicikala, prirode i socijalizacije, bez obzira na dob, spol, fizi\u010dku ili tehni\u010dku spremnost.<\/p>\n\n\n\n<h2 class=\"wp-block-heading\">O nama<\/h2>\n\n\n\n<p>Mi smo ekipa strastvenih biciklista koja vjeruje da je biciklizam vi\u0161e od sporta \u2013 to je na\u010din \u017eivota, prilika za istra\u017eivanje i povezivanje s prirodom i ljudima. Na EPIC RIDES doga\u0111anjima pru\u017eamo vrhunsku organizaciju, sigurnost i podr\u0161ku, kako bi svatko mogao do\u017eivjeti biciklisti\u010dku avanturu bez stresa. Na\u0161 cilj je omogu\u0107iti svakom sudioniku, bez obzira na iskustvo, da se osje\u0107a sigurno, motivirano i inspirirano za nove vo\u017enje.<\/p>\n","protected":false},"excerpt":{"rendered":"<p>Epic Rides Croatia su organizirani biciklisti\u010dki eventi za rekreativce i po\u010detnike, uz sigurnu vo\u017enju, podr\u0161ku i nezaboravne avanture!<\/p>\n","protected":false},"author":1,"featured_media":356,"parent":0,"menu_order":0,"comment_status":"closed","ping_status":"closed","template":"","meta":{"_acf_changed":false,"_et_pb_use_builder":"","_et_pb_old_content":"","_et_gb_content_width":"","footnotes":""},"class_list":["post-20","page","type-page","status-publish","has-post-thumbnail","hentry"],"acf":[],"_links":{"self":[{"href":"https:\/\/epicrides.hr\/en\/wp-json\/wp\/v2\/pages\/20","targetHints":{"allow":["GET"]}}],"collection":[{"href":"https:\/\/epicrides.hr\/en\/wp-json\/wp\/v2\/pages"}],"about":[{"href":"https:\/\/epicrides.hr\/en\/wp-json\/wp\/v2\/types\/page"}],"author":[{"embeddable":true,"href":"https:\/\/epicrides.hr\/en\/wp-json\/wp\/v2\/users\/1"}],"replies":[{"embeddable":true,"href":"https:\/\/epicrides.hr\/en\/wp-json\/wp\/v2\/comments?post=20"}],"version-history":[{"count":0,"href":"https:\/\/epicrides.hr\/en\/wp-json\/wp\/v2\/pages\/20\/revisions"}],"wp:featuredmedia":[{"embeddable":true,"href":"https:\/\/epicrides.hr\/en\/wp-json\/wp\/v2\/media\/356"}],"wp:attachment":[{"href":"https:\/\/epicrides.hr\/en\/wp-json\/wp\/v2\/media?parent=20"}],"curies":[{"name":"wp","href":"https:\/\/api.w.org\/{rel}","templated":true}]}}