{"id":17,"date":"2024-03-26T21:35:43","date_gmt":"2024-03-26T20:35:43","guid":{"rendered":"https:\/\/epicrides.hr\/en\/?page_id=17"},"modified":"2025-10-02T16:23:33","modified_gmt":"2025-10-02T14:23:33","slug":"pocetna","status":"publish","type":"page","link":"https:\/\/epicrides.hr\/en\/","title":{"rendered":"Homepage"},"content":{"rendered":"\n<p>How many times have you wished to explore Istria, Zagorje, Velebit, or Gorski Kotar by bike? To ride through the Gacka Valley? To circle around Lake Vrana or pedal along the beautiful hills of Me\u0111imurje? Have you been to Papuk? Cycled through Kopa\u010dki Rit? Felt the wind in your hair with views of Kor\u010dula and Mljet while riding through the vineyards of Dinga\u010d on Pelje\u0161ac? Lika? Dalmatian Hinterland? Or perhaps one of Zagreb\u2019s favorite cycling routes on Sljeme or in the Samobor Hills?<\/p>\n\n\n\n<p>The choice is immense because we all know Croatia is one of the most beautiful countries in the world. Discover it with us, discover it by bike.<\/p>\n\n\n\n<p>Welcome to <strong>EPIC RIDES Croatia!<\/strong> Let us take you on the best routes from the Mura River to Vis Island, from Vukovar to Umag, from Samobor to Dubrovnik\u2026<\/p>\n\n\n\n<p><\/p>\n","protected":false},"excerpt":{"rendered":"<p>Routes you won\u2019t find on the internet, flawless organization, and complete safety and support. No racing, no time tracking \u2013 your pace. Choose where you\u2019ll ride.<\/p>\n","protected":false},"author":1,"featured_media":13663,"parent":0,"menu_order":0,"comment_status":"closed","ping_status":"closed","template":"","meta":{"_acf_changed":false,"_et_pb_use_builder":"off","_et_pb_old_content":"","_et_gb_content_width":"","footnotes":""},"class_list":["post-17","page","type-page","status-publish","has-post-thumbnail","hentry"],"acf":[],"_links":{"self":[{"href":"https:\/\/epicrides.hr\/en\/wp-json\/wp\/v2\/pages\/17","targetHints":{"allow":["GET"]}}],"collection":[{"href":"https:\/\/epicrides.hr\/en\/wp-json\/wp\/v2\/pages"}],"about":[{"href":"https:\/\/epicrides.hr\/en\/wp-json\/wp\/v2\/types\/page"}],"author":[{"embeddable":true,"href":"https:\/\/epicrides.hr\/en\/wp-json\/wp\/v2\/users\/1"}],"replies":[{"embeddable":true,"href":"https:\/\/epicrides.hr\/en\/wp-json\/wp\/v2\/comments?post=17"}],"version-history":[{"count":0,"href":"https:\/\/epicrides.hr\/en\/wp-json\/wp\/v2\/pages\/17\/revisions"}],"wp:featuredmedia":[{"embeddable":true,"href":"https:\/\/epicrides.hr\/en\/wp-json\/wp\/v2\/media\/13663"}],"wp:attachment":[{"href":"https:\/\/epicrides.hr\/en\/wp-json\/wp\/v2\/media?parent=17"}],"curies":[{"name":"wp","href":"https:\/\/api.w.org\/{rel}","templated":true}]}}